{"id":42,"date":"2024-08-25T13:37:01","date_gmt":"2024-08-25T11:37:01","guid":{"rendered":"https:\/\/chemins-de-paix.fr\/index.php\/home-1\/"},"modified":"2026-04-03T15:06:13","modified_gmt":"2026-04-03T13:06:13","slug":"home-1","status":"publish","type":"page","link":"https:\/\/chemins-de-paix.fr\/","title":{"rendered":""},"content":{"rendered":"\n\n\n<div class=\"wp-block-cover alignfull is-light\" style=\"min-height:566px;aspect-ratio:unset;\"><img fetchpriority=\"high\" decoding=\"async\" width=\"2560\" height=\"829\" class=\"wp-block-cover__image-background wp-image-241\" alt=\"\" src=\"http:\/\/chemins-de-paix.fr\/wp-content\/uploads\/2025\/03\/bando-CDP-scaled.jpg\" data-object-fit=\"cover\" srcset=\"https:\/\/chemins-de-paix.fr\/wp-content\/uploads\/2025\/03\/bando-CDP-scaled.jpg 2560w, https:\/\/chemins-de-paix.fr\/wp-content\/uploads\/2025\/03\/bando-CDP-300x97.jpg 300w, https:\/\/chemins-de-paix.fr\/wp-content\/uploads\/2025\/03\/bando-CDP-1024x332.jpg 1024w, https:\/\/chemins-de-paix.fr\/wp-content\/uploads\/2025\/03\/bando-CDP-768x249.jpg 768w, https:\/\/chemins-de-paix.fr\/wp-content\/uploads\/2025\/03\/bando-CDP-1536x497.jpg 1536w, https:\/\/chemins-de-paix.fr\/wp-content\/uploads\/2025\/03\/bando-CDP-2048x663.jpg 2048w, https:\/\/chemins-de-paix.fr\/wp-content\/uploads\/2025\/03\/bando-CDP-1200x389.jpg 1200w, https:\/\/chemins-de-paix.fr\/wp-content\/uploads\/2025\/03\/bando-CDP-1980x641.jpg 1980w\" sizes=\"(max-width: 2560px) 100vw, 2560px\" \/><span aria-hidden=\"true\" class=\"wp-block-cover__background has-background-dim-0 has-background-dim\"><\/span><div class=\"wp-block-cover__inner-container is-layout-flow wp-block-cover-is-layout-flow\">\n<p class=\"has-text-align-center has-large-font-size\"><\/p>\n<\/div><\/div>\n\n\n\n<div class=\"wp-block-cover alignfull is-light has-custom-content-position is-position-top-left\" style=\"margin-top:0;padding-top:5vw;padding-right:5vw;padding-bottom:5vw;padding-left:5vw;min-height:50vh;aspect-ratio:unset;\"><img decoding=\"async\" width=\"1024\" height=\"345\" class=\"wp-block-cover__image-background wp-image-375 size-large\" alt=\"\" src=\"http:\/\/chemins-de-paix.fr\/wp-content\/uploads\/2025\/04\/tournage-1024x345.jpg\" data-object-fit=\"cover\" srcset=\"https:\/\/chemins-de-paix.fr\/wp-content\/uploads\/2025\/04\/tournage-1024x345.jpg 1024w, https:\/\/chemins-de-paix.fr\/wp-content\/uploads\/2025\/04\/tournage-300x101.jpg 300w, https:\/\/chemins-de-paix.fr\/wp-content\/uploads\/2025\/04\/tournage-768x259.jpg 768w, https:\/\/chemins-de-paix.fr\/wp-content\/uploads\/2025\/04\/tournage-1536x518.jpg 1536w, https:\/\/chemins-de-paix.fr\/wp-content\/uploads\/2025\/04\/tournage-2048x691.jpg 2048w, https:\/\/chemins-de-paix.fr\/wp-content\/uploads\/2025\/04\/tournage-1200x405.jpg 1200w, https:\/\/chemins-de-paix.fr\/wp-content\/uploads\/2025\/04\/tournage-1980x668.jpg 1980w\" sizes=\"(max-width: 1024px) 100vw, 1024px\" \/><span aria-hidden=\"true\" class=\"wp-block-cover__background has-background-background-color has-background-dim-0 has-background-dim\"><\/span><div class=\"wp-block-cover__inner-container is-layout-flow wp-block-cover-is-layout-flow\">\n<\/p>\n\u00a0\n<p class=\"wp-container-content-9cfa9a5a is-vertical is-nowrap is-layout-flex wp-container-core-group-is-layout-929c89a5 wp-block-group-is-layout-flex\">\n<\/div><\/div>\n\n\n\n<div class=\"wp-block-group alignwide has-background has-normal-font-size\" style=\"background-color:#ffffff\"><div class=\"wp-block-group__inner-container is-layout-flow wp-block-group-is-layout-flow\">\n<\/p>\n<p class=\"is-layout-flow wp-block-group-is-layout-flow\">\n\n<\/p>\n<h1 class=\"wp-block-heading\"><strong>Un film musical sur la Paix<br \/>Made ENSEMBLE in Haute Loire<\/strong><\/h1>\n<p>\n\n\n<\/p>\n<p>Nous sommes l&#8217;association <a href=\"https:\/\/www.asso-lmv.fr\" target=\"_blank\" rel=\"noreferrer noopener\" data-type=\"link\" data-id=\"https:\/\/www.asso-lmv.fr\">LMV &#8211; Les Mains, la Voix.<\/a><br \/>Nous pr\u00e9parons un film musical sur le th\u00e8me de la PAIX. Un m\u00e9lange de t\u00e9moignages, de reportages et d&#8217;interludes musicaux.\u00a0<\/p>\n<p>\n\n\n<\/p>\n<p>On met \u00e0 contribution les talents et les r\u00e9flexions d&#8217;habitants et d&#8217;associations locales, pour affirmer notre engagement pour la Paix. <br \/>On a tous quelque chose \u00e0 apporter \u00e0 ce projet!<br \/>Ici vous pouvez suivre les \u00e9tapes de cr\u00e9ation.<\/p>\n<p>\n\n<\/p>\n<p>\n<\/div><\/div>\n\n\n\n<h2 class=\"wp-block-heading alignfull has-text-align-center has-pale-ocean-gradient-background has-background\">Les ateliers de cr\u00e9ation<\/h2>\n\n\n\n<div class=\"wp-block-columns alignwide are-vertically-aligned-top is-layout-flex wp-container-core-columns-is-layout-bd0aba32 wp-block-columns-is-layout-flex\">\n<div class=\"wp-block-column is-vertically-aligned-top is-layout-flow wp-block-column-is-layout-flow\">\n<div class=\"wp-block-group wp-container-content-231d8afb is-vertical is-content-justification-left is-nowrap is-layout-flex wp-container-core-group-is-layout-ee1c9ac2 wp-block-group-is-layout-flex\" style=\"margin-top:0;margin-bottom:0\">\n<figure class=\"wp-block-image size-large wp-container-content-0733e5d0\"><img decoding=\"async\" width=\"686\" height=\"1024\" src=\"http:\/\/chemins-de-paix.fr\/wp-content\/uploads\/2025\/04\/0100-e1745844956756-686x1024.jpg\" alt=\"\" class=\"wp-image-376\" srcset=\"https:\/\/chemins-de-paix.fr\/wp-content\/uploads\/2025\/04\/0100-e1745844956756-686x1024.jpg 686w, https:\/\/chemins-de-paix.fr\/wp-content\/uploads\/2025\/04\/0100-e1745844956756-201x300.jpg 201w, https:\/\/chemins-de-paix.fr\/wp-content\/uploads\/2025\/04\/0100-e1745844956756-768x1147.jpg 768w, https:\/\/chemins-de-paix.fr\/wp-content\/uploads\/2025\/04\/0100-e1745844956756.jpg 790w\" sizes=\"(max-width: 686px) 100vw, 686px\" \/><\/figure>\n\n\n\n<figure class=\"wp-block-image size-large is-resized\"><img loading=\"lazy\" decoding=\"async\" width=\"1024\" height=\"593\" src=\"http:\/\/chemins-de-paix.fr\/wp-content\/uploads\/2025\/04\/7048-1024x593.jpg\" alt=\"\" class=\"wp-image-373\" style=\"width:590px;height:auto\" srcset=\"https:\/\/chemins-de-paix.fr\/wp-content\/uploads\/2025\/04\/7048-1024x593.jpg 1024w, https:\/\/chemins-de-paix.fr\/wp-content\/uploads\/2025\/04\/7048-300x174.jpg 300w, https:\/\/chemins-de-paix.fr\/wp-content\/uploads\/2025\/04\/7048-768x445.jpg 768w, https:\/\/chemins-de-paix.fr\/wp-content\/uploads\/2025\/04\/7048-1536x890.jpg 1536w, https:\/\/chemins-de-paix.fr\/wp-content\/uploads\/2025\/04\/7048-2048x1186.jpg 2048w, https:\/\/chemins-de-paix.fr\/wp-content\/uploads\/2025\/04\/7048-1200x695.jpg 1200w, https:\/\/chemins-de-paix.fr\/wp-content\/uploads\/2025\/04\/7048-1980x1147.jpg 1980w\" sizes=\"(max-width: 1024px) 100vw, 1024px\" \/><\/figure>\n<\/div>\n<\/div>\n\n\n\n<div class=\"wp-block-column is-vertically-aligned-top is-layout-flow wp-block-column-is-layout-flow\">\n<div class=\"wp-block-group wp-container-content-231d8afb is-vertical is-layout-flex wp-container-core-group-is-layout-692d0fb7 wp-block-group-is-layout-flex\" style=\"margin-top:0;margin-bottom:0\">\n<div class=\"wp-block-group is-vertical is-nowrap is-layout-flex wp-container-core-group-is-layout-ebc71d8e wp-block-group-is-layout-flex\">\n<figure class=\"wp-block-image size-large\" style=\"font-size:14px\"><img loading=\"lazy\" decoding=\"async\" width=\"765\" height=\"1024\" src=\"http:\/\/chemins-de-paix.fr\/wp-content\/uploads\/2025\/04\/7091-765x1024.jpg\" alt=\"\" class=\"wp-image-369\"\/><\/figure>\n<\/div>\n\n\n\n<figure class=\"wp-block-image size-full is-resized\"><img loading=\"lazy\" decoding=\"async\" width=\"712\" height=\"753\" src=\"http:\/\/chemins-de-paix.fr\/wp-content\/uploads\/2025\/04\/6877-e1745844779827.jpg\" alt=\"\" class=\"wp-image-372\" style=\"width:589px;height:auto\" srcset=\"https:\/\/chemins-de-paix.fr\/wp-content\/uploads\/2025\/04\/6877-e1745844779827.jpg 712w, https:\/\/chemins-de-paix.fr\/wp-content\/uploads\/2025\/04\/6877-e1745844779827-284x300.jpg 284w\" sizes=\"(max-width: 712px) 100vw, 712px\" \/><\/figure>\n<\/div>\n<\/div>\n<\/div>\n\n\n\n<div class=\"wp-block-media-text alignwide is-stacked-on-mobile is-vertically-aligned-center has-background\" style=\"background-color:#fffdea\"><figure class=\"wp-block-media-text__media\"><img loading=\"lazy\" decoding=\"async\" width=\"1024\" height=\"857\" src=\"http:\/\/chemins-de-paix.fr\/wp-content\/uploads\/2025\/04\/cerisier-fleuri-1024x857.png\" alt=\"\" class=\"wp-image-361 size-full\" srcset=\"https:\/\/chemins-de-paix.fr\/wp-content\/uploads\/2025\/04\/cerisier-fleuri-1024x857.png 1024w, https:\/\/chemins-de-paix.fr\/wp-content\/uploads\/2025\/04\/cerisier-fleuri-300x251.png 300w, https:\/\/chemins-de-paix.fr\/wp-content\/uploads\/2025\/04\/cerisier-fleuri-768x643.png 768w, https:\/\/chemins-de-paix.fr\/wp-content\/uploads\/2025\/04\/cerisier-fleuri-1200x1004.png 1200w, https:\/\/chemins-de-paix.fr\/wp-content\/uploads\/2025\/04\/cerisier-fleuri.png 1414w\" sizes=\"(max-width: 1024px) 100vw, 1024px\" \/><\/figure><div class=\"wp-block-media-text__content\">\n<div class=\"wp-block-group\" style=\"padding-top:2em;padding-right:2em;padding-bottom:2em;padding-left:2em\"><div class=\"wp-block-group__inner-container is-layout-flow wp-block-group-is-layout-flow\">\n<\/p>\n<p style=\"font-size: 36px; line-height: 1.2;\"><strong>Les arbres qui mettent du temps \u00e0 pousser donnent les meilleurs fruits.<\/strong><\/p>\n<p>\n\n\n\n<\/p>\n<p>\u00a0<\/p>\n<p>\n<\/div><\/div>\n<\/div><\/div>\n\n\n\n<h3 class=\"wp-block-heading alignfull has-text-align-center has-background\" style=\"background:linear-gradient(135deg,rgb(252,232,0) 0%,rgb(255,105,0) 100%)\">Vos petits mots<\/h3>\n\n\n<div class=\"wp-block-image\">\n<figure class=\"aligncenter size-full is-resized\"><img loading=\"lazy\" decoding=\"async\" width=\"915\" height=\"801\" src=\"http:\/\/chemins-de-paix.fr\/wp-content\/uploads\/2025\/03\/planete.png\" alt=\"\" class=\"wp-image-280\" style=\"width:150px;height:150px\" srcset=\"https:\/\/chemins-de-paix.fr\/wp-content\/uploads\/2025\/03\/planete.png 915w, https:\/\/chemins-de-paix.fr\/wp-content\/uploads\/2025\/03\/planete-300x263.png 300w, https:\/\/chemins-de-paix.fr\/wp-content\/uploads\/2025\/03\/planete-768x672.png 768w\" sizes=\"(max-width: 915px) 100vw, 915px\" \/><\/figure>\n<\/div>\n\n\n<blockquote class=\"wp-block-quote has-text-align-center is-layout-flow wp-block-quote-is-layout-flow\">\n<\/p>\n<p>\u00ab\u00a0Paix et Amour pour Tous. <br \/>Que le Bonheur vous accompagne\u00a0\u00bb<\/p>\n<p>\n<cite>\u2014 Ingrid<\/cite><\/blockquote>\n\n\n\n<p><\/p>\n\n\n\n<hr class=\"wp-block-separator has-css-opacity\"\/>\n\n\n\n<div class=\"wp-block-group alignfull has-primary-background-color has-background\" style=\"padding-top:var(--wp--preset--spacing--50);padding-right:var(--wp--preset--spacing--40);padding-bottom:var(--wp--preset--spacing--50);padding-left:var(--wp--preset--spacing--40)\"><div class=\"wp-block-group__inner-container is-layout-constrained wp-container-core-group-is-layout-141b4844 wp-block-group-is-layout-constrained\">\n<div class=\"wp-block-group alignwide is-content-justification-space-between is-layout-flex wp-container-core-group-is-layout-0d19cf55 wp-block-group-is-layout-flex\">\n<\/p>\n<p class=\"wp-container-content-9cfa9a5a is-content-justification-left is-layout-constrained wp-container-core-group-is-layout-8c890d92 wp-block-group-is-layout-constrained\">\n\n<\/p>\n<p><strong>Messagerie vocale <\/strong>(PAS DE SMS)\u00a006 82 83 83 30<\/p>\n<p>\n\n\n<\/p>\n<p><strong>Mail<\/strong> : assolmv@gmail.com<\/p>\n<p>\n\n\n<\/p>\n<p><strong>R\u00e9seaux sociaux<\/strong> : @atelier_chant_exagroove<\/p>\n<p>\n\n\n<\/p>\n<p>Mentions L\u00e9gales :<br \/>Association LMV &#8211; Vigouroux Sophie<br \/>06 82 83 83 30<br \/>31 Bd de la R\u00e9publique, 43000 Le Puy-en-Velay<br \/>Cr\u00e9dit photographique et des illustrations :<br \/>Association LMV et Viviane Kolade<br \/>H\u00e9bergement du site : WordPress<\/p>\n<p>\n\n<\/p>\n<p>\n\n\n\n<div class=\"wp-block-group is-content-justification-right is-nowrap is-layout-flex wp-container-core-group-is-layout-b4654d8f wp-block-group-is-layout-flex\">\n<div class=\"wp-block-group is-vertical is-layout-flex wp-container-core-group-is-layout-8cf370e7 wp-block-group-is-layout-flex\">\n<p class=\"has-text-align-left\" style=\"font-size:0.9rem;font-style:normal;font-weight:600;letter-spacing:1px;text-transform:uppercase\"><\/p>\n\n\n\n<div class=\"wp-block-group has-small-font-size is-vertical is-content-justification-left is-layout-flex wp-container-core-group-is-layout-d2172249 wp-block-group-is-layout-flex\">\n<\/p>\n<p><a href=\"https:\/\/www.facebook.com\/profile.php?id=100036934576447\">Facebook<\/a><\/p>\n<p>\n\n\n\n<\/p>\n<p><a href=\"https:\/\/www.instagram.com\/atelier_chant_exagroove\/\">Instagram<\/a><\/p>\n<p>\n<\/div>\n<\/div>\n<\/div>\n<\/div>\n\n\n\n<\/p>\n<p>\n\n\n\n<\/p>\n<p class=\"is-nowrap is-layout-flex wp-container-core-group-is-layout-ad2f72ca wp-block-group-is-layout-flex\">\n\n<\/p>\n\u00a0\n<p class=\"wp-container-content-eb1ede72\">\n\n<\/p>\n<p>\n\n\n\n<\/p>\n<p class=\"is-content-justification-space-between is-layout-flex wp-container-core-group-is-layout-256aec57 wp-block-group-is-layout-flex\">\n\n<\/p>\n\u00a0\n<p class=\"is-layout-flex wp-block-group-is-layout-flex\">\n\n\n<\/p>\n<p>Design : Nubiya Dess<br \/>Proudly powered by <a href=\"https:\/\/wordpress.org\" rel=\"nofollow\">WordPress<\/a><\/p>\n<p>\n\n<\/p>\n<p>\n<\/div><\/div>\n\n\n\n<\/p>\n<p>\u00a0<\/p>\n<p>\n\n\n<\/p>","protected":false},"excerpt":{"rendered":"<p>Un film musical sur la PaixMade ENSEMBLE in Haute Loire Nous sommes l&#8217;association LMV &#8211; Les Mains, la Voix.Nous pr\u00e9parons un film musical sur le th\u00e8me de la PAIX. Un m\u00e9lange de t\u00e9moignages, de reportages et d&#8217;interludes musicaux.\u00a0 On met \u00e0 contribution les talents et les r\u00e9flexions d&#8217;habitants et d&#8217;associations locales, pour affirmer notre engagement [&hellip;]<\/p>\n","protected":false},"author":1,"featured_media":0,"parent":0,"menu_order":0,"comment_status":"closed","ping_status":"closed","template":"","meta":{"_ti_tpc_template_sync":false,"_ti_tpc_template_id":"","footnotes":""},"class_list":["post-42","page","type-page","status-publish","hentry"],"_links":{"self":[{"href":"https:\/\/chemins-de-paix.fr\/index.php\/wp-json\/wp\/v2\/pages\/42","targetHints":{"allow":["GET"]}}],"collection":[{"href":"https:\/\/chemins-de-paix.fr\/index.php\/wp-json\/wp\/v2\/pages"}],"about":[{"href":"https:\/\/chemins-de-paix.fr\/index.php\/wp-json\/wp\/v2\/types\/page"}],"author":[{"embeddable":true,"href":"https:\/\/chemins-de-paix.fr\/index.php\/wp-json\/wp\/v2\/users\/1"}],"replies":[{"embeddable":true,"href":"https:\/\/chemins-de-paix.fr\/index.php\/wp-json\/wp\/v2\/comments?post=42"}],"version-history":[{"count":58,"href":"https:\/\/chemins-de-paix.fr\/index.php\/wp-json\/wp\/v2\/pages\/42\/revisions"}],"predecessor-version":[{"id":504,"href":"https:\/\/chemins-de-paix.fr\/index.php\/wp-json\/wp\/v2\/pages\/42\/revisions\/504"}],"wp:attachment":[{"href":"https:\/\/chemins-de-paix.fr\/index.php\/wp-json\/wp\/v2\/media?parent=42"}],"curies":[{"name":"wp","href":"https:\/\/api.w.org\/{rel}","templated":true}]}}